{"id":9,"date":"2018-07-18T12:13:31","date_gmt":"2018-07-18T09:13:31","guid":{"rendered":"http:\/\/masterfert.com\/demo\/?page_id=9"},"modified":"2019-10-29T23:10:43","modified_gmt":"2019-10-29T20:10:43","slug":"hakkimizda","status":"publish","type":"page","link":"http:\/\/masterfert.com\/index.php\/hakkimizda\/","title":{"rendered":"Hakk\u0131m\u0131zda"},"content":{"rendered":"<div id=\"pl-9\"  class=\"panel-layout\" ><div id=\"pg-9-0\"  class=\"panel-grid panel-no-style\" ><div id=\"pgc-9-0-0\"  class=\"panel-grid-cell\" ><div id=\"panel-9-0-0-0\" class=\"so-panel widget widget_sow-editor panel-first-child\" data-index=\"0\" ><div\n\t\t\t\n\t\t\tclass=\"so-widget-sow-editor so-widget-sow-editor-base\"\n\t\t\t\n\t\t>\n<div class=\"siteorigin-widget-tinymce textwidget\">\n\t<p>Agromaster Tar\u0131m ve Kimya Ltd. \u015eti; zirai \u00fcretim sekt\u00f6r\u00fcn\u00fcn ihtiya\u00e7 duydu\u011fu alanlarda, \u00fcr\u00fcn geli\u015ftiren ve end\u00fcstriyel \u00fcretimini yapan bir tar\u0131m kurulu\u015fudur.<\/p>\n<p>Agromaster tar\u0131m; bitki beslenme, bitki fizyolojisi ve \u00f6zel tar\u0131m kimyasallar\u0131 alanlar\u0131ndaki deneyimlerini \u00e7if\u00e7ilerimizle payla\u015fmak amac\u0131yla kurulmu\u015ftur.<\/p>\n<\/div>\n<\/div><\/div><div id=\"panel-9-0-0-1\" class=\"so-panel widget widget_sow-editor panel-last-child\" data-index=\"1\" ><div\n\t\t\t\n\t\t\tclass=\"so-widget-sow-editor so-widget-sow-editor-base\"\n\t\t\t\n\t\t>\n<div class=\"siteorigin-widget-tinymce textwidget\">\n\t<\/div>\n<\/div><\/div><\/div><\/div><\/div>","protected":false},"excerpt":{"rendered":"<p>Agromaster Tar\u0131m ve Kimya Ltd. \u015eti; zirai \u00fcretim sekt\u00f6r\u00fcn\u00fcn ihtiya\u00e7 duydu\u011fu alanlarda, \u00fcr\u00fcn geli\u015ftiren ve end\u00fcstriyel \u00fcretimini yapan bir tar\u0131m kurulu\u015fudur. Agromaster tar\u0131m; bitki beslenme, bitki fizyolojisi ve \u00f6zel tar\u0131m kimyasallar\u0131 alanlar\u0131ndaki deneyimlerini \u00e7if\u00e7ilerimizle payla\u015fmak amac\u0131yla kurulmu\u015ftur.<\/p>\n","protected":false},"author":1,"featured_media":0,"parent":0,"menu_order":0,"comment_status":"closed","ping_status":"closed","template":"templates\/builder.php","meta":{"footnotes":""},"class_list":["post-9","page","type-page","status-publish","hentry"],"_links":{"self":[{"href":"http:\/\/masterfert.com\/index.php\/wp-json\/wp\/v2\/pages\/9","targetHints":{"allow":["GET"]}}],"collection":[{"href":"http:\/\/masterfert.com\/index.php\/wp-json\/wp\/v2\/pages"}],"about":[{"href":"http:\/\/masterfert.com\/index.php\/wp-json\/wp\/v2\/types\/page"}],"author":[{"embeddable":true,"href":"http:\/\/masterfert.com\/index.php\/wp-json\/wp\/v2\/users\/1"}],"replies":[{"embeddable":true,"href":"http:\/\/masterfert.com\/index.php\/wp-json\/wp\/v2\/comments?post=9"}],"version-history":[{"count":9,"href":"http:\/\/masterfert.com\/index.php\/wp-json\/wp\/v2\/pages\/9\/revisions"}],"predecessor-version":[{"id":321,"href":"http:\/\/masterfert.com\/index.php\/wp-json\/wp\/v2\/pages\/9\/revisions\/321"}],"wp:attachment":[{"href":"http:\/\/masterfert.com\/index.php\/wp-json\/wp\/v2\/media?parent=9"}],"curies":[{"name":"wp","href":"https:\/\/api.w.org\/{rel}","templated":true}]}}